{"id":135,"date":"2023-11-13T16:50:22","date_gmt":"2023-11-13T16:50:22","guid":{"rendered":"https:\/\/marketera.com.hk\/?page_id=135"},"modified":"2023-11-13T16:51:34","modified_gmt":"2023-11-13T16:51:34","slug":"cookie-policy","status":"publish","type":"page","link":"https:\/\/marketera.com.hk\/de\/cookie-policy\/","title":{"rendered":"Cookie-Richtlinie"},"content":{"rendered":"<h2 class=\"wp-block-heading\">Einf\u00fchrung<\/h2>\n\n\n\n<p>Diese Cookie-Richtlinie (\"Richtlinie\") beschreibt, wie Marketera Cookies auf dieser Website verwendet.<\/p>\n\n\n\n<p>Diese Website (<a href=\"https:\/\/marketera.com.hk\/de\/\">https:\/\/marketera.com.hk\/<\/a>) wird von Marketera Limited mit der eingetragenen Adresse verwaltet und betrieben: Rooms 1703-1704, 17\/F, Tung Chiu Commercial Centre, 193 Lockhart Road, Wanchai, Hongkong.<\/p>\n\n\n\n<p>Marketera beh\u00e4lt sich das Recht vor, diese Richtlinie jederzeit und ohne Vorank\u00fcndigung zu \u00e4ndern (Teile davon). Es wird empfohlen, dass Sie diese Richtlinie regelm\u00e4\u00dfig auf \u00c4nderungen \u00fcberpr\u00fcfen.<\/p>\n\n\n\n<h2 class=\"wp-block-heading\">Was sind Cookies?<\/h2>\n\n\n\n<p>Marketera verwendet Cookies auf seiner Website. Ein Cookie ist eine kleine Textdatei, die an Ihren Internet-Browser gesendet wird. Ihr Internet-Browser (entweder \u00fcber Ihren Computer oder \u00fcber andere internetf\u00e4hige Ger\u00e4te, wie z.B. ein Smartphone oder Tablet) speichert das Cookie. Ein Cookie ist in der Regel eine eindeutige Nummer, mit der Daten verkn\u00fcpft werden k\u00f6nnen.<\/p>\n\n\n\n<p>Cookies k\u00f6nnen entweder \"dauerhafte\" Cookies oder \"Sitzungscookies\" sein. Ein dauerhafter Cookie besteht aus einer Textdatei, die von einem Webserver an einen Webbrowser gesendet wird, die vom Browser gespeichert wird und bis zu ihrem festgelegten Ablaufdatum g\u00fcltig bleibt (es sei denn, sie wird vom Besucher vor dem Ablaufdatum gel\u00f6scht). Ein Sitzungscookie hingegen l\u00e4uft am Ende der Besuchersitzung ab, wenn der Webbrowser geschlossen wird.<\/p>\n\n\n\n<h2 class=\"wp-block-heading\">Warum verwendet Marketera Cookies?<\/h2>\n\n\n\n<p>Marketera verwendet Cookies, um sicherzustellen, dass Sie die bestm\u00f6gliche Nutzererfahrung auf unserer Website haben und schnell und effizient auf der Website navigieren k\u00f6nnen. Marketera setzt auch Cookies ein, um festzustellen, wo Marketera die Website verbessern kann, damit Sie noch schneller und einfacher finden, was Sie suchen. Schlie\u00dflich verwendet Marketera Cookies, um relevante Informationen und Angebote bereitzustellen.<\/p>\n\n\n\n<h2 class=\"wp-block-heading\">Welche Arten von Cookies verwendet Marketera?<\/h2>\n\n\n\n<p>Marketera verwendet die folgenden Arten von Cookies auf seiner Website:<\/p>\n\n\n\n<p><strong>Funktionale Cookies: <\/strong>Diese Cookies sind f\u00fcr das ordnungsgem\u00e4\u00dfe Funktionieren dieser Website unerl\u00e4sslich. Sie werden verwendet, um Pr\u00e4ferenzen zu speichern, den Missbrauch unserer Website und Dienste zu erkennen und die Last auf unseren Servern zu verteilen, wodurch unsere Website verf\u00fcgbar bleibt. Bestimmte von Ihnen angeforderte Dienste k\u00f6nnen ohne diese Cookies nicht bereitgestellt werden.<\/p>\n\n\n\n<p><strong>Webstatistik-Cookies:<\/strong> Diese Cookies werden verwendet, um festzustellen, welche Teile dieser Website die Besucher am meisten interessieren. Dies erm\u00f6glicht es uns, die Struktur, die Navigation und den Inhalt unserer Website so benutzerfreundlich wie m\u00f6glich zu gestalten. Insbesondere werden diese Cookies verwendet, um (i) die Anzahl der Besucher auf unseren Webseiten zu verfolgen; (ii) die Zeit zu verfolgen, die jeder Benutzer auf unseren Webseiten verbringt; (iii) die Reihenfolge zu bestimmen, in der ein Besucher die verschiedenen Seiten unserer Website besucht; (iv) zu beurteilen, welche Teile der Website ge\u00e4ndert werden m\u00fcssen; und (v) die Website zu optimieren. Zu diesen Zwecken kann Software von Dritten (z. B. Google Analytics) verwendet werden.&nbsp;<\/p>\n\n\n\n<h2 class=\"wp-block-heading\">Was macht Marketera mit den Cookies?<\/h2>\n\n\n\n<p>Marketera verwendet die Cookies aus verschiedenen Gr\u00fcnden:<\/p>\n\n\n\n<ul class=\"wp-block-list\">\n<li>um zu untersuchen, wie Nutzer oder Gruppen von Nutzern die Website verwenden, damit Marketera die Website verbessern kann;<\/li>\n\n\n\n<li>um Sie besser \u00fcber die Dienstleistungen von Marketera informieren zu k\u00f6nnen;<\/li>\n\n\n\n<li>um Analysen f\u00fcr Forschung und Statistik zu erstellen;<\/li>\n\n\n\n<li>die Website zu verbessern, damit Sie leichter finden, was Sie suchen, und<\/li>\n\n\n\n<li>um Ihre Einstellungen und Pr\u00e4ferenzen zu speichern. Dies erleichtert Ihre sp\u00e4teren Besuche auf der Website.<\/li>\n<\/ul>\n\n\n\n<h2 class=\"wp-block-heading\">Wie kann ich Cookies akzeptieren?<\/h2>\n\n\n\n<p>Sie k\u00f6nnen Cookies akzeptieren, indem Sie auf dem Cookie-Pop-up auf der Startseite dieser Website auf die Schaltfl\u00e4che Akzeptieren und schlie\u00dfen klicken. Wenn Sie die Website das n\u00e4chste Mal besuchen, wird das Cookie-Pop-up nicht mehr angezeigt.<\/p>\n\n\n\n<h2 class=\"wp-block-heading\">Was akzeptiere ich, wenn ich Cookies akzeptiere?<\/h2>\n\n\n\n<p>Wenn Sie das Cookie-Pop-up akzeptieren, akzeptieren Sie alle auf dieser Website verwendeten Cookies und stimmen der Verwendung von Cookies wie in dieser Richtlinie beschrieben zu.<\/p>\n\n\n\n<h2 class=\"wp-block-heading\">Wie verwaltet man Cookies?<\/h2>\n\n\n\n<p>Wenn Sie nicht m\u00f6chten, dass unsere Website Cookies auf Ihrem Ger\u00e4t speichert, k\u00f6nnen Sie Ihre Browsereinstellungen so \u00e4ndern, dass Sie eine Warnung erhalten, bevor bestimmte Cookies gespeichert werden. Sie k\u00f6nnen Ihren Browser auch so einstellen, dass er die meisten unserer Cookies oder nur bestimmte Cookies von Drittanbietern ablehnt. Sie k\u00f6nnen Ihre Zustimmung zu Cookies auch widerrufen, indem Sie die bereits gespeicherten Cookies l\u00f6schen.<\/p>\n\n\n\n<p>Bitte beachten Sie, dass wir nicht garantieren k\u00f6nnen, dass unsere Website ordnungsgem\u00e4\u00df funktioniert, wenn Sie keine Cookies akzeptieren wollen. Es kann sein, dass Ihnen einige Funktionen nicht zur Verf\u00fcgung stehen oder dass Sie bestimmte Teile der Website gar nicht sehen k\u00f6nnen.<\/p>\n\n\n\n<p>Bitte beachten Sie, dass Sie Ihre Einstellungen f\u00fcr jeden Browser und jedes Ger\u00e4t \u00e4ndern m\u00fcssen. Au\u00dferdem funktionieren diese Methoden nicht bei bestimmten Online-Tracking-Technologien, die keine Cookies verwenden.<\/p>\n\n\n\n<p>Die Verfahren zur \u00c4nderung Ihrer Einstellungen und Cookies sind von Browser zu Browser unterschiedlich. Verwenden Sie gegebenenfalls die Hilfefunktion Ihres Browsers oder klicken Sie auf einen der unten stehenden Links, um direkt zum Benutzerhandbuch Ihres Browsers zu gelangen:<\/p>\n\n\n\n<p><a href=\"https:\/\/support.microsoft.com\/en-gb\/windows\/delete-and-manage-cookies-168dab11-0753-043d-7c16-ede5947fc64d\">Internet Explorer<\/a><br><a href=\"https:\/\/support.mozilla.org\/en-US\/kb\/cookies-information-websites-store-on-your-computer?redirectslug=Cookies&amp;redirectlocale=en-US\">Mozilla Firefox<\/a><br><a href=\"https:\/\/support.google.com\/chrome\/answer\/95647?hl=en\">Google Chrome<\/a><br><a href=\"https:\/\/support.apple.com\/en-gb\/guide\/safari\/sfri11471\/mac\">Safari<\/a><br><a href=\"https:\/\/security.opera.com\/en\/\">Oper<\/a><\/p>\n\n\n\n<p>Es gibt auch Softwareprodukte, die Cookies f\u00fcr Sie verwalten k\u00f6nnen. Sie k\u00f6nnen auch www.ghostery.com verwenden, um jedes Cookie auf unseren Websites zu akzeptieren oder abzulehnen.<\/p>\n\n\n\n<p>Wenn Sie mehr \u00fcber Cookies erfahren m\u00f6chten, einschlie\u00dflich ihrer Einstellung und wie Sie sie verwalten oder l\u00f6schen k\u00f6nnen, besuchen Sie <a href=\"http:\/\/www.allaboutcookies.org\">www.allaboutcookies.org<\/a>.<\/p>\n\n\n\n<h2 class=\"wp-block-heading\">Kontaktinformationen<\/h2>\n\n\n\n<p>Wenn Sie Fragen zu den Cookie-Richtlinien von Marketera haben, senden Sie bitte eine E-Mail an <a href=\"mailto:support@marketera.com.hk\">support@marketera.com.hk<\/a> und geben Sie unbedingt die Art Ihrer Anfrage an.<\/p>","protected":false},"excerpt":{"rendered":"<p>Introduction This Cookie Policy (\u201cPolicy\u201d) describes how Marketera uses cookies on this website. This website (https:\/\/marketera.com.hk\/) is administered and operated by Marketera Limited with registered address: Rooms 1703-1704, 17\/F, Tung Chiu Commercial Centre, 193 Lockhart Road, Wanchai, Hong Kong. Marketera reserves the right to change (sections of) this Policy at any time and without notice. [&hellip;]<\/p>","protected":false},"author":1,"featured_media":0,"parent":0,"menu_order":0,"comment_status":"closed","ping_status":"closed","template":"template-pages\/policy.php","meta":{"footnotes":""},"class_list":["post-135","page","type-page","status-publish","hentry"],"acf":[],"yoast_head":"<!-- This site is optimized with the Yoast SEO plugin v21.5 - https:\/\/yoast.com\/wordpress\/plugins\/seo\/ -->\n<title>Cookie Policy - Marketera<\/title>\n<meta name=\"robots\" content=\"index, follow, max-snippet:-1, max-image-preview:large, max-video-preview:-1\" \/>\n<link rel=\"canonical\" href=\"https:\/\/marketera.com.hk\/de\/cookie-policy\/\" \/>\n<meta property=\"og:locale\" content=\"de_DE\" \/>\n<meta property=\"og:type\" content=\"article\" \/>\n<meta property=\"og:title\" content=\"Cookie Policy - Marketera\" \/>\n<meta property=\"og:description\" content=\"Introduction This Cookie Policy (\u201cPolicy\u201d) describes how Marketera uses cookies on this website. This website (https:\/\/marketera.com.hk\/) is administered and operated by Marketera Limited with registered address: Rooms 1703-1704, 17\/F, Tung Chiu Commercial Centre, 193 Lockhart Road, Wanchai, Hong Kong. Marketera reserves the right to change (sections of) this Policy at any time and without notice. [&hellip;]\" \/>\n<meta property=\"og:url\" content=\"https:\/\/marketera.com.hk\/de\/cookie-policy\/\" \/>\n<meta property=\"og:site_name\" content=\"Marketera\" \/>\n<meta property=\"article:modified_time\" content=\"2023-11-13T16:51:34+00:00\" \/>\n<meta name=\"twitter:card\" content=\"summary_large_image\" \/>\n<meta name=\"twitter:label1\" content=\"Gesch\u00e4tzte Lesezeit\" \/>\n\t<meta name=\"twitter:data1\" content=\"4\u00a0Minuten\" \/>\n<script type=\"application\/ld+json\" class=\"yoast-schema-graph\">{\"@context\":\"https:\/\/schema.org\",\"@graph\":[{\"@type\":\"WebPage\",\"@id\":\"https:\/\/marketera.com.hk\/cookie-policy\/\",\"url\":\"https:\/\/marketera.com.hk\/cookie-policy\/\",\"name\":\"Cookie Policy - Marketera\",\"isPartOf\":{\"@id\":\"https:\/\/marketera.com.hk\/#website\"},\"datePublished\":\"2023-11-13T16:50:22+00:00\",\"dateModified\":\"2023-11-13T16:51:34+00:00\",\"breadcrumb\":{\"@id\":\"https:\/\/marketera.com.hk\/cookie-policy\/#breadcrumb\"},\"inLanguage\":\"de\",\"potentialAction\":[{\"@type\":\"ReadAction\",\"target\":[\"https:\/\/marketera.com.hk\/cookie-policy\/\"]}]},{\"@type\":\"BreadcrumbList\",\"@id\":\"https:\/\/marketera.com.hk\/cookie-policy\/#breadcrumb\",\"itemListElement\":[{\"@type\":\"ListItem\",\"position\":1,\"name\":\"Home\",\"item\":\"https:\/\/marketera.com.hk\/\"},{\"@type\":\"ListItem\",\"position\":2,\"name\":\"Cookie Policy\"}]},{\"@type\":\"WebSite\",\"@id\":\"https:\/\/marketera.com.hk\/#website\",\"url\":\"https:\/\/marketera.com.hk\/\",\"name\":\"Marketera\",\"description\":\"\",\"publisher\":{\"@id\":\"https:\/\/marketera.com.hk\/#organization\"},\"potentialAction\":[{\"@type\":\"SearchAction\",\"target\":{\"@type\":\"EntryPoint\",\"urlTemplate\":\"https:\/\/marketera.com.hk\/?s={search_term_string}\"},\"query-input\":\"required name=search_term_string\"}],\"inLanguage\":\"de\"},{\"@type\":\"Organization\",\"@id\":\"https:\/\/marketera.com.hk\/#organization\",\"name\":\"Marketera\",\"url\":\"https:\/\/marketera.com.hk\/\",\"logo\":{\"@type\":\"ImageObject\",\"inLanguage\":\"de\",\"@id\":\"https:\/\/marketera.com.hk\/#\/schema\/logo\/image\/\",\"url\":\"https:\/\/marketera.com.hk\/wp-content\/uploads\/2023\/11\/Logo-marketera.svg\",\"contentUrl\":\"https:\/\/marketera.com.hk\/wp-content\/uploads\/2023\/11\/Logo-marketera.svg\",\"width\":110,\"height\":25,\"caption\":\"Marketera\"},\"image\":{\"@id\":\"https:\/\/marketera.com.hk\/#\/schema\/logo\/image\/\"}}]}<\/script>\n<!-- \/ Yoast SEO plugin. -->","yoast_head_json":{"title":"Cookie Policy - Marketera","robots":{"index":"index","follow":"follow","max-snippet":"max-snippet:-1","max-image-preview":"max-image-preview:large","max-video-preview":"max-video-preview:-1"},"canonical":"https:\/\/marketera.com.hk\/de\/cookie-policy\/","og_locale":"de_DE","og_type":"article","og_title":"Cookie Policy - Marketera","og_description":"Introduction This Cookie Policy (\u201cPolicy\u201d) describes how Marketera uses cookies on this website. This website (https:\/\/marketera.com.hk\/) is administered and operated by Marketera Limited with registered address: Rooms 1703-1704, 17\/F, Tung Chiu Commercial Centre, 193 Lockhart Road, Wanchai, Hong Kong. Marketera reserves the right to change (sections of) this Policy at any time and without notice. [&hellip;]","og_url":"https:\/\/marketera.com.hk\/de\/cookie-policy\/","og_site_name":"Marketera","article_modified_time":"2023-11-13T16:51:34+00:00","twitter_card":"summary_large_image","twitter_misc":{"Gesch\u00e4tzte Lesezeit":"4\u00a0Minuten"},"schema":{"@context":"https:\/\/schema.org","@graph":[{"@type":"WebPage","@id":"https:\/\/marketera.com.hk\/cookie-policy\/","url":"https:\/\/marketera.com.hk\/cookie-policy\/","name":"Cookie Policy - Marketera","isPartOf":{"@id":"https:\/\/marketera.com.hk\/#website"},"datePublished":"2023-11-13T16:50:22+00:00","dateModified":"2023-11-13T16:51:34+00:00","breadcrumb":{"@id":"https:\/\/marketera.com.hk\/cookie-policy\/#breadcrumb"},"inLanguage":"de","potentialAction":[{"@type":"ReadAction","target":["https:\/\/marketera.com.hk\/cookie-policy\/"]}]},{"@type":"BreadcrumbList","@id":"https:\/\/marketera.com.hk\/cookie-policy\/#breadcrumb","itemListElement":[{"@type":"ListItem","position":1,"name":"Home","item":"https:\/\/marketera.com.hk\/"},{"@type":"ListItem","position":2,"name":"Cookie Policy"}]},{"@type":"WebSite","@id":"https:\/\/marketera.com.hk\/#website","url":"https:\/\/marketera.com.hk\/","name":"Marketera","description":"","publisher":{"@id":"https:\/\/marketera.com.hk\/#organization"},"potentialAction":[{"@type":"SearchAction","target":{"@type":"EntryPoint","urlTemplate":"https:\/\/marketera.com.hk\/?s={search_term_string}"},"query-input":"required name=search_term_string"}],"inLanguage":"de"},{"@type":"Organization","@id":"https:\/\/marketera.com.hk\/#organization","name":"Marketera","url":"https:\/\/marketera.com.hk\/","logo":{"@type":"ImageObject","inLanguage":"de","@id":"https:\/\/marketera.com.hk\/#\/schema\/logo\/image\/","url":"https:\/\/marketera.com.hk\/wp-content\/uploads\/2023\/11\/Logo-marketera.svg","contentUrl":"https:\/\/marketera.com.hk\/wp-content\/uploads\/2023\/11\/Logo-marketera.svg","width":110,"height":25,"caption":"Marketera"},"image":{"@id":"https:\/\/marketera.com.hk\/#\/schema\/logo\/image\/"}}]}},"_links":{"self":[{"href":"https:\/\/marketera.com.hk\/de\/wp-json\/wp\/v2\/pages\/135","targetHints":{"allow":["GET"]}}],"collection":[{"href":"https:\/\/marketera.com.hk\/de\/wp-json\/wp\/v2\/pages"}],"about":[{"href":"https:\/\/marketera.com.hk\/de\/wp-json\/wp\/v2\/types\/page"}],"author":[{"embeddable":true,"href":"https:\/\/marketera.com.hk\/de\/wp-json\/wp\/v2\/users\/1"}],"replies":[{"embeddable":true,"href":"https:\/\/marketera.com.hk\/de\/wp-json\/wp\/v2\/comments?post=135"}],"version-history":[{"count":3,"href":"https:\/\/marketera.com.hk\/de\/wp-json\/wp\/v2\/pages\/135\/revisions"}],"predecessor-version":[{"id":138,"href":"https:\/\/marketera.com.hk\/de\/wp-json\/wp\/v2\/pages\/135\/revisions\/138"}],"wp:attachment":[{"href":"https:\/\/marketera.com.hk\/de\/wp-json\/wp\/v2\/media?parent=135"}],"curies":[{"name":"wp","href":"https:\/\/api.w.org\/{rel}","templated":true}]}}