{"id":135,"date":"2023-11-13T16:50:22","date_gmt":"2023-11-13T16:50:22","guid":{"rendered":"https:\/\/marketera.com.hk\/?page_id=135"},"modified":"2023-11-13T16:51:34","modified_gmt":"2023-11-13T16:51:34","slug":"cookie-policy","status":"publish","type":"page","link":"https:\/\/marketera.com.hk\/it\/cookie-policy\/","title":{"rendered":"Informativa sui cookie"},"content":{"rendered":"<h2 class=\"wp-block-heading\">Introduzione<\/h2>\n\n\n\n<p>La presente Informativa sui cookie (\"Informativa\") descrive come Marketera utilizza i cookie su questo sito web.<\/p>\n\n\n\n<p>Questo sito (<a href=\"https:\/\/marketera.com.hk\/it\/\">https:\/\/marketera.com.hk\/<\/a>) \u00e8 amministrato e gestito da Marketera Limited con sede legale: Rooms 1703-1704, 17\/F, Tung Chiu Commercial Centre, 193 Lockhart Road, Wanchai, Hong Kong.<\/p>\n\n\n\n<p>Marketera si riserva il diritto di modificare (sezioni di) questa Politica in qualsiasi momento e senza preavviso. Si raccomanda di rivedere periodicamente la presente Politica per verificare eventuali modifiche.<\/p>\n\n\n\n<h2 class=\"wp-block-heading\">Cosa sono i cookie?<\/h2>\n\n\n\n<p>Marketera utilizza i cookie sul proprio sito web. Un cookie \u00e8 un piccolo file di testo inviato al vostro browser internet. Il browser internet (attraverso il computer o altri dispositivi abilitati a internet, come smartphone o tablet) salver\u00e0 il cookie. Un cookie \u00e8 solitamente un numero univoco a cui possono essere associati dei dati.<\/p>\n\n\n\n<p>I cookie possono essere \"persistenti\" o \"di sessione\". Un cookie persistente consiste in un file di testo inviato da un server Web a un browser Web, che verr\u00e0 memorizzato dal browser e rimarr\u00e0 valido fino alla data di scadenza impostata (a meno che non venga cancellato dal visitatore prima della data di scadenza). Un cookie di sessione, invece, scade al termine della sessione del visitatore, quando il browser web viene chiuso.<\/p>\n\n\n\n<h2 class=\"wp-block-heading\">Perch\u00e9 Marketera utilizza i cookie?<\/h2>\n\n\n\n<p>Marketera utilizza i cookie per garantire che l'utente abbia la migliore esperienza possibile sul nostro sito web e possa navigare in modo rapido ed efficiente. Marketera utilizza i cookie anche per determinare dove Marketera pu\u00f2 migliorare il sito web per rendere ancora pi\u00f9 facile e veloce la ricerca di ci\u00f2 che si sta cercando. Infine, Marketera utilizza i cookie per fornire informazioni e offerte pertinenti.<\/p>\n\n\n\n<h2 class=\"wp-block-heading\">Quali tipi di cookie utilizza Marketera?<\/h2>\n\n\n\n<p>Marketera utilizza i seguenti tipi di cookie sul proprio sito web:<\/p>\n\n\n\n<p><strong>Cookie funzionali: <\/strong>Questi cookie sono essenziali per garantire il corretto funzionamento di questo sito web. Vengono utilizzati per salvare le preferenze, rilevare l'uso improprio del nostro sito web e dei nostri servizi e distribuire il carico sui nostri server, in modo da mantenere disponibile il nostro sito web. Alcuni servizi richiesti dall'utente non possono essere forniti senza questi cookie.<\/p>\n\n\n\n<p><strong>Cookie per le statistiche web:<\/strong> Questi cookie vengono utilizzati per determinare quali parti del sito web interessano maggiormente ai visitatori. Questo ci permette di rendere la struttura, la navigazione e il contenuto del nostro sito web il pi\u00f9 semplice possibile. In particolare, questi cookie vengono utilizzati per (i) tenere traccia del numero di visitatori delle nostre pagine web; (ii) tenere traccia del tempo che ogni utente trascorre sulle nostre pagine web; (iii) determinare l'ordine in cui un visitatore visita le varie pagine del nostro sito web; (iv) valutare quali parti del sito web devono essere modificate; e (v) ottimizzare il sito web. Per questi scopi possono essere utilizzati software di terze parti (come Google Analytics).&nbsp;<\/p>\n\n\n\n<h2 class=\"wp-block-heading\">Cosa fa Marketera con i cookie?<\/h2>\n\n\n\n<p>Marketera utilizza i cookie per vari motivi:<\/p>\n\n\n\n<ul class=\"wp-block-list\">\n<li>per studiare come gli utenti o i gruppi di utenti utilizzano il sito web, in modo che Marketera possa migliorare il sito;<\/li>\n\n\n\n<li>per potervi informare meglio sui servizi di Marketera;<\/li>\n\n\n\n<li>per effettuare analisi per la ricerca e la statistica;<\/li>\n\n\n\n<li>migliorare il sito web, rendendo pi\u00f9 facile per voi trovare ci\u00f2 che state cercando; e<\/li>\n\n\n\n<li>per ricordare le vostre impostazioni e preferenze. In questo modo le vostre successive visite al sito web saranno pi\u00f9 semplici.<\/li>\n<\/ul>\n\n\n\n<h2 class=\"wp-block-heading\">Come posso accettare i cookie?<\/h2>\n\n\n\n<p>\u00c8 possibile accettare i cookie facendo clic sul pulsante Accetta e chiudi del pop-up dei cookie sulla homepage di questo sito web. La prossima volta che visiterete il sito, il pop-up dei cookie non verr\u00e0 visualizzato.<\/p>\n\n\n\n<h2 class=\"wp-block-heading\">Cosa accetto se accetto i cookie?<\/h2>\n\n\n\n<p>Se accettate il pop-up dei cookie, accettate tutti i cookie utilizzati su questo sito web e acconsentite all'uso dei cookie come descritto in questa politica.<\/p>\n\n\n\n<h2 class=\"wp-block-heading\">Come gestire i cookie?<\/h2>\n\n\n\n<p>Se non volete che il nostro sito web memorizzi i cookie sul vostro dispositivo, potete modificare le impostazioni del vostro browser in modo da ricevere un avviso prima che alcuni cookie vengano memorizzati. Potete anche modificare le impostazioni in modo che il vostro browser rifiuti la maggior parte dei nostri cookie o solo alcuni cookie di terze parti. \u00c8 inoltre possibile revocare il proprio consenso ai cookie cancellando quelli gi\u00e0 memorizzati.<\/p>\n\n\n\n<p>Si prega di notare che se non si desidera accettare alcun cookie, non possiamo garantire che il nostro sito web funzioni correttamente. \u00c8 possibile che alcune funzioni non siano disponibili o che non sia possibile visualizzare alcune parti del sito.<\/p>\n\n\n\n<p>Si noti che \u00e8 necessario modificare le impostazioni per ciascun browser e dispositivo. Inoltre, tali metodi non funzionano con alcune tecnologie di tracciamento online non basate su cookie.<\/p>\n\n\n\n<p>Le procedure per modificare le impostazioni e i cookie variano da browser a browser. Se necessario, utilizzate la funzione di aiuto del vostro browser o cliccate su uno dei link sottostanti per accedere direttamente al manuale d'uso del vostro browser:<\/p>\n\n\n\n<p><a href=\"https:\/\/support.microsoft.com\/en-gb\/windows\/delete-and-manage-cookies-168dab11-0753-043d-7c16-ede5947fc64d\">Internet Explorer<\/a><br><a href=\"https:\/\/support.mozilla.org\/en-US\/kb\/cookies-information-websites-store-on-your-computer?redirectslug=Cookies&amp;redirectlocale=en-US\">Mozilla Firefox<\/a><br><a href=\"https:\/\/support.google.com\/chrome\/answer\/95647?hl=en\">Google Chrome<\/a><br><a href=\"https:\/\/support.apple.com\/en-gb\/guide\/safari\/sfri11471\/mac\">Safari<\/a><br><a href=\"https:\/\/security.opera.com\/en\/\">Opera<\/a><\/p>\n\n\n\n<p>Sono disponibili anche prodotti software in grado di gestire i cookie per voi. \u00c8 inoltre possibile utilizzare il sito www.ghostery.com per accettare o rifiutare ogni cookie presente sui nostri siti web.<\/p>\n\n\n\n<p>Per saperne di pi\u00f9 sui cookie, compresa la loro impostazione e le modalit\u00e0 per gestirli o eliminarli, visitate il sito <a href=\"http:\/\/www.allaboutcookies.org\">www.allaboutcookies.org<\/a>.<\/p>\n\n\n\n<h2 class=\"wp-block-heading\">Informazioni di contatto<\/h2>\n\n\n\n<p>In caso di domande sulla Politica sui cookie di Marketera, si prega di inviare un'e-mail a <a href=\"mailto:support@marketera.com.hk\">support@marketera.com.hk<\/a> e assicuratevi di indicare la natura della vostra richiesta.<\/p>","protected":false},"excerpt":{"rendered":"<p>Introduction This Cookie Policy (\u201cPolicy\u201d) describes how Marketera uses cookies on this website. This website (https:\/\/marketera.com.hk\/) is administered and operated by Marketera Limited with registered address: Rooms 1703-1704, 17\/F, Tung Chiu Commercial Centre, 193 Lockhart Road, Wanchai, Hong Kong. Marketera reserves the right to change (sections of) this Policy at any time and without notice. [&hellip;]<\/p>","protected":false},"author":1,"featured_media":0,"parent":0,"menu_order":0,"comment_status":"closed","ping_status":"closed","template":"template-pages\/policy.php","meta":{"footnotes":""},"class_list":["post-135","page","type-page","status-publish","hentry"],"acf":[],"yoast_head":"<!-- This site is optimized with the Yoast SEO plugin v21.5 - https:\/\/yoast.com\/wordpress\/plugins\/seo\/ -->\n<title>Cookie Policy - Marketera<\/title>\n<meta name=\"robots\" content=\"index, follow, max-snippet:-1, max-image-preview:large, max-video-preview:-1\" \/>\n<link rel=\"canonical\" href=\"https:\/\/marketera.com.hk\/it\/cookie-policy\/\" \/>\n<meta property=\"og:locale\" content=\"it_IT\" \/>\n<meta property=\"og:type\" content=\"article\" \/>\n<meta property=\"og:title\" content=\"Cookie Policy - Marketera\" \/>\n<meta property=\"og:description\" content=\"Introduction This Cookie Policy (\u201cPolicy\u201d) describes how Marketera uses cookies on this website. This website (https:\/\/marketera.com.hk\/) is administered and operated by Marketera Limited with registered address: Rooms 1703-1704, 17\/F, Tung Chiu Commercial Centre, 193 Lockhart Road, Wanchai, Hong Kong. Marketera reserves the right to change (sections of) this Policy at any time and without notice. [&hellip;]\" \/>\n<meta property=\"og:url\" content=\"https:\/\/marketera.com.hk\/it\/cookie-policy\/\" \/>\n<meta property=\"og:site_name\" content=\"Marketera\" \/>\n<meta property=\"article:modified_time\" content=\"2023-11-13T16:51:34+00:00\" \/>\n<meta name=\"twitter:card\" content=\"summary_large_image\" \/>\n<meta name=\"twitter:label1\" content=\"Tempo di lettura stimato\" \/>\n\t<meta name=\"twitter:data1\" content=\"4 minuti\" \/>\n<script type=\"application\/ld+json\" class=\"yoast-schema-graph\">{\"@context\":\"https:\/\/schema.org\",\"@graph\":[{\"@type\":\"WebPage\",\"@id\":\"https:\/\/marketera.com.hk\/cookie-policy\/\",\"url\":\"https:\/\/marketera.com.hk\/cookie-policy\/\",\"name\":\"Cookie Policy - Marketera\",\"isPartOf\":{\"@id\":\"https:\/\/marketera.com.hk\/#website\"},\"datePublished\":\"2023-11-13T16:50:22+00:00\",\"dateModified\":\"2023-11-13T16:51:34+00:00\",\"breadcrumb\":{\"@id\":\"https:\/\/marketera.com.hk\/cookie-policy\/#breadcrumb\"},\"inLanguage\":\"it-IT\",\"potentialAction\":[{\"@type\":\"ReadAction\",\"target\":[\"https:\/\/marketera.com.hk\/cookie-policy\/\"]}]},{\"@type\":\"BreadcrumbList\",\"@id\":\"https:\/\/marketera.com.hk\/cookie-policy\/#breadcrumb\",\"itemListElement\":[{\"@type\":\"ListItem\",\"position\":1,\"name\":\"Home\",\"item\":\"https:\/\/marketera.com.hk\/\"},{\"@type\":\"ListItem\",\"position\":2,\"name\":\"Cookie Policy\"}]},{\"@type\":\"WebSite\",\"@id\":\"https:\/\/marketera.com.hk\/#website\",\"url\":\"https:\/\/marketera.com.hk\/\",\"name\":\"Marketera\",\"description\":\"\",\"publisher\":{\"@id\":\"https:\/\/marketera.com.hk\/#organization\"},\"potentialAction\":[{\"@type\":\"SearchAction\",\"target\":{\"@type\":\"EntryPoint\",\"urlTemplate\":\"https:\/\/marketera.com.hk\/?s={search_term_string}\"},\"query-input\":\"required name=search_term_string\"}],\"inLanguage\":\"it-IT\"},{\"@type\":\"Organization\",\"@id\":\"https:\/\/marketera.com.hk\/#organization\",\"name\":\"Marketera\",\"url\":\"https:\/\/marketera.com.hk\/\",\"logo\":{\"@type\":\"ImageObject\",\"inLanguage\":\"it-IT\",\"@id\":\"https:\/\/marketera.com.hk\/#\/schema\/logo\/image\/\",\"url\":\"https:\/\/marketera.com.hk\/wp-content\/uploads\/2023\/11\/Logo-marketera.svg\",\"contentUrl\":\"https:\/\/marketera.com.hk\/wp-content\/uploads\/2023\/11\/Logo-marketera.svg\",\"width\":110,\"height\":25,\"caption\":\"Marketera\"},\"image\":{\"@id\":\"https:\/\/marketera.com.hk\/#\/schema\/logo\/image\/\"}}]}<\/script>\n<!-- \/ Yoast SEO plugin. -->","yoast_head_json":{"title":"Cookie Policy - Marketera","robots":{"index":"index","follow":"follow","max-snippet":"max-snippet:-1","max-image-preview":"max-image-preview:large","max-video-preview":"max-video-preview:-1"},"canonical":"https:\/\/marketera.com.hk\/it\/cookie-policy\/","og_locale":"it_IT","og_type":"article","og_title":"Cookie Policy - Marketera","og_description":"Introduction This Cookie Policy (\u201cPolicy\u201d) describes how Marketera uses cookies on this website. This website (https:\/\/marketera.com.hk\/) is administered and operated by Marketera Limited with registered address: Rooms 1703-1704, 17\/F, Tung Chiu Commercial Centre, 193 Lockhart Road, Wanchai, Hong Kong. Marketera reserves the right to change (sections of) this Policy at any time and without notice. [&hellip;]","og_url":"https:\/\/marketera.com.hk\/it\/cookie-policy\/","og_site_name":"Marketera","article_modified_time":"2023-11-13T16:51:34+00:00","twitter_card":"summary_large_image","twitter_misc":{"Tempo di lettura stimato":"4 minuti"},"schema":{"@context":"https:\/\/schema.org","@graph":[{"@type":"WebPage","@id":"https:\/\/marketera.com.hk\/cookie-policy\/","url":"https:\/\/marketera.com.hk\/cookie-policy\/","name":"Cookie Policy - Marketera","isPartOf":{"@id":"https:\/\/marketera.com.hk\/#website"},"datePublished":"2023-11-13T16:50:22+00:00","dateModified":"2023-11-13T16:51:34+00:00","breadcrumb":{"@id":"https:\/\/marketera.com.hk\/cookie-policy\/#breadcrumb"},"inLanguage":"it-IT","potentialAction":[{"@type":"ReadAction","target":["https:\/\/marketera.com.hk\/cookie-policy\/"]}]},{"@type":"BreadcrumbList","@id":"https:\/\/marketera.com.hk\/cookie-policy\/#breadcrumb","itemListElement":[{"@type":"ListItem","position":1,"name":"Home","item":"https:\/\/marketera.com.hk\/"},{"@type":"ListItem","position":2,"name":"Cookie Policy"}]},{"@type":"WebSite","@id":"https:\/\/marketera.com.hk\/#website","url":"https:\/\/marketera.com.hk\/","name":"Marketera","description":"","publisher":{"@id":"https:\/\/marketera.com.hk\/#organization"},"potentialAction":[{"@type":"SearchAction","target":{"@type":"EntryPoint","urlTemplate":"https:\/\/marketera.com.hk\/?s={search_term_string}"},"query-input":"required name=search_term_string"}],"inLanguage":"it-IT"},{"@type":"Organization","@id":"https:\/\/marketera.com.hk\/#organization","name":"Marketera","url":"https:\/\/marketera.com.hk\/","logo":{"@type":"ImageObject","inLanguage":"it-IT","@id":"https:\/\/marketera.com.hk\/#\/schema\/logo\/image\/","url":"https:\/\/marketera.com.hk\/wp-content\/uploads\/2023\/11\/Logo-marketera.svg","contentUrl":"https:\/\/marketera.com.hk\/wp-content\/uploads\/2023\/11\/Logo-marketera.svg","width":110,"height":25,"caption":"Marketera"},"image":{"@id":"https:\/\/marketera.com.hk\/#\/schema\/logo\/image\/"}}]}},"_links":{"self":[{"href":"https:\/\/marketera.com.hk\/it\/wp-json\/wp\/v2\/pages\/135","targetHints":{"allow":["GET"]}}],"collection":[{"href":"https:\/\/marketera.com.hk\/it\/wp-json\/wp\/v2\/pages"}],"about":[{"href":"https:\/\/marketera.com.hk\/it\/wp-json\/wp\/v2\/types\/page"}],"author":[{"embeddable":true,"href":"https:\/\/marketera.com.hk\/it\/wp-json\/wp\/v2\/users\/1"}],"replies":[{"embeddable":true,"href":"https:\/\/marketera.com.hk\/it\/wp-json\/wp\/v2\/comments?post=135"}],"version-history":[{"count":3,"href":"https:\/\/marketera.com.hk\/it\/wp-json\/wp\/v2\/pages\/135\/revisions"}],"predecessor-version":[{"id":138,"href":"https:\/\/marketera.com.hk\/it\/wp-json\/wp\/v2\/pages\/135\/revisions\/138"}],"wp:attachment":[{"href":"https:\/\/marketera.com.hk\/it\/wp-json\/wp\/v2\/media?parent=135"}],"curies":[{"name":"wp","href":"https:\/\/api.w.org\/{rel}","templated":true}]}}