{"id":3,"date":"2023-11-09T15:38:41","date_gmt":"2023-11-09T15:38:41","guid":{"rendered":"https:\/\/marketera.com.hk\/?page_id=3"},"modified":"2023-11-13T16:45:55","modified_gmt":"2023-11-13T16:45:55","slug":"privacy-policy","status":"publish","type":"page","link":"https:\/\/marketera.com.hk\/it\/privacy-policy\/","title":{"rendered":"Informativa sulla privacy"},"content":{"rendered":"<p>Marketera (\"noi\", \"nostro\" o \"ci\") \u00e8 tenuta a tutelare la vostra privacy su Internet. La nostra politica sulla privacy si basa sul Regolamento Generale sulla Protezione dei Dati (GDPR) dell'Unione Europea. Gli scopi per cui raccogliamo i vostri dati personali sono il miglioramento del nostro servizio, la comunicazione con i visitatori di questo sito, l'elaborazione dei dati degli utenti per le vendite online e altre azioni elencate di seguito.<\/p>\n\n\n\n<p>Accedendo o utilizzando il nostro Servizio, l'utente dichiara di aver letto, compreso e accettato la raccolta, l'archiviazione, l'utilizzo e la divulgazione dei suoi dati personali come descritto nella presente Informativa sulla privacy e nei nostri Termini di servizio.<\/p>\n\n\n\n<h2 class=\"wp-block-heading\">Definizioni e termini chiave<\/h2>\n\n\n\n<p>Per aiutare a spiegare le cose nel modo pi\u00f9 chiaro possibile in questa Informativa sulla privacy, ogni volta che si fa riferimento a uno qualsiasi di questi termini, sono rigorosamente definiti come:<\/p>\n\n\n\n<ul class=\"wp-block-list\">\n<li><strong>Biscotto:<\/strong> una piccola quantit\u00e0 di dati generati da un sito web e salvati dal browser. Viene utilizzato per identificare il browser, fornire analisi e ricordare informazioni sull'utente, come la lingua preferita o le informazioni di accesso.<\/li>\n\n\n\n<li><strong>Azienda: <\/strong>quando in questa informativa si parla di \"Societ\u00e0\", \"noi\", \"ci\" o \"nostro\", ci si riferisce a Marketera Limited (Rooms 1703-1704, 17\/F, Tung Chiu Commercial Centre, 193 Lockhart Road, Wanchai, Hong Kong), che \u00e8 responsabile dei vostri dati ai sensi della presente Informativa sulla privacy.<\/li>\n\n\n\n<li><strong>Paese: <\/strong>dove ha sede Marketera o i proprietari\/fondatori di Marketera, in questo caso Hong Kong, Cina.<\/li>\n\n\n\n<li><strong>Cliente:<\/strong> si riferisce all'azienda, all'organizzazione o alla persona che si iscrive per utilizzare il Servizio Marketera per gestire le relazioni con i vostri consumatori o utenti del servizio.<\/li>\n\n\n\n<li><strong>Dispositivo:<\/strong> qualsiasi dispositivo connesso a Internet come un telefono, un tablet, un computer o qualsiasi altro dispositivo che possa essere utilizzato per visitare Marketera e utilizzare i servizi.<\/li>\n\n\n\n<li><strong>Indirizzo IP:<\/strong> A ogni dispositivo connesso a Internet viene assegnato un numero noto come indirizzo di protocollo Internet (IP). Questi numeri sono solitamente assegnati in blocchi geografici. Un indirizzo IP pu\u00f2 spesso identificare la posizione da cui un dispositivo si connette a Internet.<\/li>\n\n\n\n<li><strong>Personale:<\/strong> si riferisce alle persone impiegate da Marketera o che sono sotto contratto per eseguire un servizio per conto di una delle parti.<\/li>\n\n\n\n<li><strong>Dati personali:<\/strong> qualsiasi informazione che direttamente, indirettamente o in connessione con altre informazioni - compreso un numero di identificazione personale - consenta l'identificazione o l'identificabilit\u00e0 di una persona fisica.<\/li>\n\n\n\n<li><strong>Servizio: <\/strong>si riferisce al servizio fornito da Marketera come descritto nelle relative condizioni (se disponibili) e su questa piattaforma.<\/li>\n\n\n\n<li><strong>Servizio di terze parti:<\/strong> si riferisce a inserzionisti, sponsor di concorsi, partner promozionali e di marketing e altri soggetti che forniscono i nostri contenuti o i cui prodotti o servizi riteniamo possano interessarvi.<\/li>\n\n\n\n<li><strong>Sito web: <\/strong>Il sito di Marketera Limited \u00e8 accessibile tramite questo URL: <a href=\"https:\/\/marketera.com.hk\/it\/\">https:\/\/marketera.com.hk\/<\/a><\/li>\n\n\n\n<li><strong>Tu:<\/strong> una persona o un'entit\u00e0 registrata presso Marketera per utilizzare i Servizi.<\/li>\n<\/ul>\n\n\n\n<h2 class=\"wp-block-heading\">Quali informazioni raccogliamo?<\/h2>\n\n\n\n<p>Raccogliamo ed elaboriamo i vostri dati personali solo con il vostro consenso. Con il vostro consenso, possiamo raccogliere ed elaborare i seguenti dati:<\/p>\n\n\n\n<ul class=\"wp-block-list\">\n<li>Nome \/ Nome utente<\/li>\n\n\n\n<li>Numeri di telefono<\/li>\n\n\n\n<li>Indirizzi e-mail<\/li>\n\n\n\n<li>Indirizzi di posta elettronica<\/li>\n\n\n\n<li>Indirizzi di fatturazione<\/li>\n\n\n\n<li>Et\u00e0<\/li>\n\n\n\n<li>Password<\/li>\n<\/ul>\n\n\n\n<h2 class=\"wp-block-heading\">Come utilizziamo le informazioni raccolte?<\/h2>\n\n\n\n<p>La Societ\u00e0 pu\u00f2 utilizzare i Dati personali per i seguenti scopi:<\/p>\n\n\n\n<ul class=\"wp-block-list\">\n<li>Per fornire e mantenere il nostro Servizio, compreso il monitoraggio dell'utilizzo del nostro Servizio.<\/li>\n<\/ul>\n\n\n\n<ul class=\"wp-block-list\">\n<li>Per gestire il Suo account: per gestire la Sua registrazione come utente del Servizio. I Dati Personali da Lei forniti possono darLe accesso a diverse funzionalit\u00e0 del Servizio in qualit\u00e0 di utente registrato.<\/li>\n<\/ul>\n\n\n\n<ul class=\"wp-block-list\">\n<li>Per l'esecuzione di un contratto: lo sviluppo, la conformit\u00e0 e l'esecuzione del contratto di acquisto di prodotti, articoli o servizi acquistati dall'Utente o di qualsiasi altro contratto stipulato con noi attraverso il Servizio.<\/li>\n<\/ul>\n\n\n\n<ul class=\"wp-block-list\">\n<li>Per contattarLa: Contattare l'Utente tramite e-mail, telefonate, SMS o altre forme equivalenti di comunicazione elettronica, come le notifiche push di un'applicazione mobile, in merito agli aggiornamenti o alle comunicazioni informative relative alle funzionalit\u00e0, ai prodotti o ai servizi oggetto del contratto, compresi gli aggiornamenti di sicurezza, quando necessario o ragionevole per la loro implementazione.<\/li>\n<\/ul>\n\n\n\n<ul class=\"wp-block-list\">\n<li>Per fornirvi notizie, offerte speciali e informazioni generali su altri beni, servizi ed eventi che offriamo e che sono simili a quelli che avete gi\u00e0 acquistato o per i quali avete richiesto informazioni, a meno che non abbiate scelto di non ricevere tali informazioni.<\/li>\n<\/ul>\n\n\n\n<ul class=\"wp-block-list\">\n<li>Gestire le Sue richieste: Per assistere e gestire le Sue richieste a Noi.<\/li>\n<\/ul>\n\n\n\n<ul class=\"wp-block-list\">\n<li>Per trasferimenti aziendali: Potremmo utilizzare le informazioni dell'utente per valutare o condurre una fusione, cessione, ristrutturazione, riorganizzazione, scioglimento o altra vendita o trasferimento di alcuni o tutti i nostri beni, sia come azienda in attivit\u00e0 che come parte di un fallimento, liquidazione o procedimento simile, in cui i dati personali in nostro possesso sugli utenti dei nostri servizi siano tra i beni trasferiti.<\/li>\n<\/ul>\n\n\n\n<ul class=\"wp-block-list\">\n<li>Per altri scopi: Potremmo utilizzare le Sue informazioni per altri scopi, quali l'analisi dei dati, l'identificazione delle tendenze d'uso, la determinazione dell'efficacia delle nostre campagne promozionali e la valutazione e il miglioramento del nostro Servizio, dei prodotti, dei servizi, del marketing e della Sua esperienza.<\/li>\n<\/ul>\n\n\n\n<h2 class=\"wp-block-heading\">Condividiamo le informazioni che raccogliamo?<\/h2>\n\n\n\n<p>Possiamo condividere i Suoi dati personali nelle seguenti situazioni:<\/p>\n\n\n\n<p><strong>Con i fornitori di servizi: <\/strong>Possiamo condividere i dati personali dell'utente con i fornitori di servizi per monitorare e analizzare l'uso del nostro servizio e contattare l'utente.<\/p>\n\n\n\n<p><strong>Per i trasferimenti aziendali: <\/strong>Potremmo condividere o trasferire le informazioni personali dell'utente in relazione a, o durante le trattative di, qualsiasi fusione, vendita di beni aziendali, finanziamento o acquisizione di tutta o parte della nostra attivit\u00e0 a un'altra societ\u00e0.<\/p>\n\n\n\n<p><strong>Con gli affiliati:<\/strong> Possiamo condividere le informazioni dell'utente con le nostre affiliate, nel qual caso richiederemo a tali affiliate di rispettare la presente Informativa sulla privacy. Le societ\u00e0 affiliate includono la nostra societ\u00e0 madre e qualsiasi altra societ\u00e0 controllata, partner di joint venture o altre societ\u00e0 che controlliamo o che sono sotto controllo comune con noi.<\/p>\n\n\n\n<p><strong>Con i partner commerciali:<\/strong> Possiamo condividere le informazioni dell'utente con i nostri partner commerciali per offrirgli determinati prodotti, servizi o promozioni.<\/p>\n\n\n\n<p><strong>Con altri utenti: <\/strong>quando l'Utente condivide informazioni personali o interagisce in altro modo in aree pubbliche con altri utenti, tali informazioni possono essere visualizzate da tutti gli utenti e possono essere diffuse pubblicamente all'esterno.<\/p>\n\n\n\n<p><strong>Con il Suo consenso:<\/strong> Possiamo divulgare le informazioni personali dell'utente per qualsiasi altro scopo con il suo consenso.<\/p>\n\n\n\n<h2 class=\"wp-block-heading\">Per quanto tempo conserviamo le vostre informazioni?<\/h2>\n\n\n\n<p>La Societ\u00e0 conserver\u00e0 i Dati personali dell'utente solo per il tempo necessario agli scopi indicati nella presente Informativa sulla privacy. Conserveremo e utilizzeremo i Dati personali dell'utente nella misura necessaria per adempiere ai nostri obblighi legali (ad esempio, se siamo tenuti a conservare i dati dell'utente per ottemperare alle leggi applicabili), risolvere le controversie e applicare i nostri accordi e politiche legali.<\/p>\n\n\n\n<p>La Societ\u00e0 conserver\u00e0 inoltre i Dati di utilizzo a scopo di analisi interna. I Dati di utilizzo vengono generalmente conservati per un periodo pi\u00f9 breve, tranne nei casi in cui tali dati vengano utilizzati per rafforzare la sicurezza o migliorare la funzionalit\u00e0 del nostro Servizio, o quando siamo legalmente obbligati a conservare tali dati per periodi pi\u00f9 lunghi.<\/p>\n\n\n\n<h2 class=\"wp-block-heading\">Le informazioni raccolte attraverso il Servizio Marketera sono sicure?<\/h2>\n\n\n\n<p>La sicurezza dei Dati personali dell'utente \u00e8 importante per noi, ma ricordiamo che nessun metodo di trasmissione su Internet o metodo di archiviazione elettronica \u00e8 sicuro. Pur sforzandoci di utilizzare mezzi commercialmente accettabili per proteggere i Dati personali dell'utente, non possiamo garantirne l'assoluta sicurezza.<\/p>\n\n\n\n<h2 class=\"wp-block-heading\">Posso aggiornare o correggere le mie informazioni?<\/h2>\n\n\n\n<p>I clienti hanno il diritto di aggiornare o correggere le proprie informazioni di identificazione personale, di modificare le proprie preferenze in merito alle comunicazioni e alle altre informazioni che ricevono da noi, o di cancellare le informazioni di identificazione personale conservate sui nostri sistemi cancellando il proprio account. Per proteggere la privacy e la sicurezza dell'utente, possiamo adottare misure ragionevoli per verificare la sua identit\u00e0 prima di concedergli l'accesso al profilo o di effettuare correzioni.&nbsp;<\/p>\n\n\n\n<h2 class=\"wp-block-heading\">Legge applicabile<\/h2>\n\n\n\n<p>La presente Informativa sulla privacy \u00e8 disciplinata dalle leggi della Cina, senza tener conto dei conflitti di legge. L'utente acconsente alla giurisdizione esclusiva dei tribunali in relazione a qualsiasi azione o controversia derivante tra le parti ai sensi della presente Informativa sulla privacy o in relazione ad essa. Il presente Accordo e l'utilizzo del sito web da parte dell'utente sono disciplinati dalle leggi della Cina, ad esclusione delle norme sui conflitti di legge. L'utilizzo del sito web da parte dell'utente pu\u00f2 essere soggetto anche alle leggi locali, statali, nazionali o internazionali.<\/p>\n\n\n\n<h2 class=\"wp-block-heading\">Biscotti<\/h2>\n\n\n\n<p>Utilizziamo i file cookie per visualizzare correttamente i contenuti del sito e per la comodit\u00e0 della navigazione. <a href=\"https:\/\/marketera.com.hk\/it\/\">https:\/\/marketera.com.hk\/<\/a>. Sono piccoli file che vengono memorizzati sul vostro dispositivo. Aiutano il sito web a ricordare informazioni sull'utente, come ad esempio la lingua in cui utilizza il sito e le pagine gi\u00e0 aperte. Queste informazioni saranno utili nella visita successiva. Grazie ai file cookie, la navigazione sul sito web diventa molto pi\u00f9 comoda. Per saperne di pi\u00f9 su questi file, cliccate qui. Potete impostare voi stessi la ricezione e il blocco dei cookie nel vostro browser. L'impossibilit\u00e0 di ricevere i file cookie pu\u00f2 limitare la funzionalit\u00e0 del sito web.<\/p>\n\n\n\n<h2 class=\"wp-block-heading\">Privacy dei bambini<\/h2>\n\n\n\n<p>Il nostro Servizio non si rivolge a persone di et\u00e0 inferiore ai 18 anni. Non raccogliamo consapevolmente informazioni di identificazione personale da persone di et\u00e0 inferiore ai 18 anni. Se siete un genitore o un tutore e siete a conoscenza del fatto che vostro figlio ci ha fornito dei Dati personali, vi preghiamo di contattarci. Se veniamo a conoscenza del fatto che abbiamo raccolto dati personali da persone di et\u00e0 inferiore ai 18 anni senza verificare il consenso dei genitori. In tal caso, rimuoveremo tali informazioni dai nostri server.<\/p>\n\n\n\n<p>Se dobbiamo fare affidamento sul consenso come base giuridica per il trattamento delle informazioni dell'utente e il paese dell'utente richiede il consenso di un genitore, possiamo richiedere il consenso del genitore prima di raccogliere e utilizzare tali informazioni.<\/p>\n\n\n\n<h2 class=\"wp-block-heading\">Modifiche alla nostra politica sulla privacy<\/h2>\n\n\n\n<p>La presente Informativa sulla privacy \u00e8 in vigore a partire dalla data di pubblicazione e rimarr\u00e0 in vigore, salvo per quanto riguarda eventuali modifiche future delle sue disposizioni, che entreranno in vigore immediatamente dopo la pubblicazione su questa pagina.<\/p>\n\n\n\n<p>Ci riserviamo il diritto di aggiornare o modificare la nostra Informativa sulla privacy in qualsiasi momento e l'utente dovrebbe controllare periodicamente questa Informativa sulla privacy. L'uso continuato del Servizio da parte dell'utente dopo la pubblicazione di eventuali modifiche all'Informativa sulla privacy su questa pagina costituir\u00e0 il riconoscimento delle modifiche e il consenso a rispettare ed essere vincolati dall'Informativa sulla privacy modificata.<\/p>\n\n\n\n<p>In caso di modifiche sostanziali alla presente Informativa sulla privacy, vi informeremo tramite l'indirizzo e-mail che ci avete fornito o inserendo un avviso in evidenza sul nostro sito web.<\/p>\n\n\n\n<h2 class=\"wp-block-heading\">Tecnologie di tracciamento<\/h2>\n\n\n\n<ul class=\"wp-block-list\">\n<li><strong>API di Google Maps<\/strong><\/li>\n<\/ul>\n\n\n\n<p>L'API di Google Maps \u00e8 uno strumento robusto che pu\u00f2 essere utilizzato per creare una mappa personalizzata, una mappa ricercabile, funzioni di check-in, visualizzare dati in tempo reale sincronizzati con la posizione, pianificare percorsi o creare un mashup, solo per citarne alcuni.<\/p>\n\n\n\n<p>Google Maps API pu\u00f2 raccogliere informazioni dall'utente e dal suo dispositivo a fini di sicurezza. Google Maps API raccoglie le informazioni in base alle sue Norme sulla privacy.<\/p>\n\n\n\n<ul class=\"wp-block-list\">\n<li><strong>Biscotti<\/strong><\/li>\n<\/ul>\n\n\n\n<p>I cookie vengono utilizzati per migliorare le prestazioni e le funzionalit\u00e0 del nostro sito web, ma non sono essenziali per il loro utilizzo. Tuttavia, senza questi cookie, alcune funzionalit\u00e0, come i video, potrebbero diventare non disponibili, oppure vi verrebbe richiesto di inserire i vostri dati di accesso ogni volta che visitate il sito, in quanto non possiamo ricordare che avete effettuato l'accesso in precedenza.<\/p>\n\n\n\n<h2 class=\"wp-block-heading\">Link ad altri siti web<\/h2>\n\n\n\n<p>Il nostro Servizio pu\u00f2 contenere link ad altri siti web non gestiti da noi. Se l'Utente clicca su un link di terzi, sar\u00e0 indirizzato al sito di questi ultimi. Consigliamo vivamente all'Utente di prendere visione dell'Informativa sulla privacy di ogni sito visitato. Non abbiamo alcun controllo e non ci assumiamo alcuna responsabilit\u00e0 per i contenuti, le politiche sulla privacy o le pratiche di siti o servizi di terzi.<\/p>\n\n\n\n<h2 class=\"wp-block-heading\">Informazioni sul Regolamento generale sulla protezione dei dati (GDPR)<\/h2>\n\n\n\n<p>Possiamo raccogliere e utilizzare i vostri dati se provenite dallo Spazio economico europeo (SEE). In questa sezione della nostra Informativa sulla privacy, spiegheremo esattamente come e perch\u00e9 vengono raccolti questi dati e come li manteniamo sotto protezione per evitare che vengano replicati o utilizzati in modo scorretto.<\/p>\n\n\n\n<p>Il GDPR \u00e8 una legge sulla privacy e sulla protezione dei dati a livello europeo che regolamenta il modo in cui le aziende proteggono i dati dei residenti nell'UE e migliora il controllo che questi ultimi hanno sui loro dati personali.<\/p>\n\n\n\n<p>Il GDPR \u00e8 rilevante per qualsiasi azienda che opera a livello globale, non solo per le aziende con sede nell'UE e per i residenti nell'UE. I dati dei nostri clienti sono essenziali indipendentemente dalla loro ubicazione, ed \u00e8 per questo che abbiamo implementato i controlli del GDPR come standard di base per tutte le nostre operazioni in tutto il mondo.<\/p>\n\n\n\n<p>Noi di Marketera crediamo fermamente che la privacy dei vostri dati sia fondamentale, e disponiamo gi\u00e0 di solide pratiche di sicurezza e privacy che vanno oltre i requisiti di questa nuova normativa.<\/p>\n\n\n\n<h2 class=\"wp-block-heading\">Trattamento dei dati personali da parte di altri servizi<\/h2>\n\n\n\n<p>Questo sito web utilizza servizi online di terzi, che raccolgono dati indipendentemente da noi.&nbsp;<\/p>\n\n\n\n<p>I dati raccolti da questi servizi possono essere forniti ad altri servizi all'interno di tali organizzazioni. Questi ultimi possono utilizzare i dati per la personalizzazione pubblicitaria della propria rete pubblicitaria. \u00c8 possibile conoscere gli accordi con gli utenti di queste organizzazioni sui loro siti web. \u00c8 inoltre possibile rifiutare la raccolta dei dati personali da parte di queste organizzazioni, ad esempio con il Componente aggiuntivo del browser di opt-out di Google Analytics. Non trasmettiamo i dati personali ad altre organizzazioni o servizi non elencati nella presente informativa sulla privacy. In via eccezionale, i dati raccolti possono essere forniti su richiesta legittima delle autorit\u00e0 statali autorizzate a richiedere tali informazioni.<\/p>\n\n\n\n<h2 class=\"wp-block-heading\">Contatto Marketera<\/h2>\n\n\n\n<p>Non esitate a contattarci in qualsiasi momento:<\/p>\n\n\n\n<ul class=\"wp-block-list\">\n<li>E-mail: <a href=\"mailto:support@marketera.com.hk\">support@marketera.com.hk<\/a><\/li>\n\n\n\n<li>Numero di telefono: <a href=\"tel:+447458149408\">+447458149408<\/a><\/li>\n\n\n\n<li>Visitate la pagina dei contatti: <a href=\"https:\/\/marketera.com.hk\/it\/contact\/\">https:\/\/marketera.com.hk\/contact<\/a><\/li>\n<\/ul>\n\n\n\n<p>Le vostre domande e richieste sono sempre benvenute.<\/p>","protected":false},"excerpt":{"rendered":"<p>Marketera (\u201cwe,\u201d \u201cour,\u201d or \u201cus\u201d) is obliged to maintain your privacy on the Internet. Our privacy policy is based on the General Data Protection Regulation (GDPR) of the European Union. The purposes for which we collect your personal data are the improvement of our service, communication with visitors to this site, user data processing for [&hellip;]<\/p>","protected":false},"author":1,"featured_media":0,"parent":0,"menu_order":0,"comment_status":"closed","ping_status":"open","template":"template-pages\/policy.php","meta":{"footnotes":""},"class_list":["post-3","page","type-page","status-publish","hentry"],"acf":[],"yoast_head":"<!-- This site is optimized with the Yoast SEO plugin v21.5 - https:\/\/yoast.com\/wordpress\/plugins\/seo\/ -->\n<title>Privacy Policy - Marketera<\/title>\n<meta name=\"robots\" content=\"index, follow, max-snippet:-1, max-image-preview:large, max-video-preview:-1\" \/>\n<link rel=\"canonical\" href=\"https:\/\/marketera.com.hk\/it\/privacy-policy\/\" \/>\n<meta property=\"og:locale\" content=\"it_IT\" \/>\n<meta property=\"og:type\" content=\"article\" \/>\n<meta property=\"og:title\" content=\"Privacy Policy - Marketera\" \/>\n<meta property=\"og:description\" content=\"Marketera (\u201cwe,\u201d \u201cour,\u201d or \u201cus\u201d) is obliged to maintain your privacy on the Internet. Our privacy policy is based on the General Data Protection Regulation (GDPR) of the European Union. The purposes for which we collect your personal data are the improvement of our service, communication with visitors to this site, user data processing for [&hellip;]\" \/>\n<meta property=\"og:url\" content=\"https:\/\/marketera.com.hk\/it\/privacy-policy\/\" \/>\n<meta property=\"og:site_name\" content=\"Marketera\" \/>\n<meta property=\"article:modified_time\" content=\"2023-11-13T16:45:55+00:00\" \/>\n<meta name=\"twitter:card\" content=\"summary_large_image\" \/>\n<meta name=\"twitter:label1\" content=\"Tempo di lettura stimato\" \/>\n\t<meta name=\"twitter:data1\" content=\"10 minuti\" \/>\n<script type=\"application\/ld+json\" class=\"yoast-schema-graph\">{\"@context\":\"https:\/\/schema.org\",\"@graph\":[{\"@type\":\"WebPage\",\"@id\":\"https:\/\/marketera.com.hk\/privacy-policy\/\",\"url\":\"https:\/\/marketera.com.hk\/privacy-policy\/\",\"name\":\"Privacy Policy - Marketera\",\"isPartOf\":{\"@id\":\"https:\/\/marketera.com.hk\/#website\"},\"datePublished\":\"2023-11-09T15:38:41+00:00\",\"dateModified\":\"2023-11-13T16:45:55+00:00\",\"breadcrumb\":{\"@id\":\"https:\/\/marketera.com.hk\/privacy-policy\/#breadcrumb\"},\"inLanguage\":\"it-IT\",\"potentialAction\":[{\"@type\":\"ReadAction\",\"target\":[\"https:\/\/marketera.com.hk\/privacy-policy\/\"]}]},{\"@type\":\"BreadcrumbList\",\"@id\":\"https:\/\/marketera.com.hk\/privacy-policy\/#breadcrumb\",\"itemListElement\":[{\"@type\":\"ListItem\",\"position\":1,\"name\":\"Home\",\"item\":\"https:\/\/marketera.com.hk\/\"},{\"@type\":\"ListItem\",\"position\":2,\"name\":\"Privacy Policy\"}]},{\"@type\":\"WebSite\",\"@id\":\"https:\/\/marketera.com.hk\/#website\",\"url\":\"https:\/\/marketera.com.hk\/\",\"name\":\"Marketera\",\"description\":\"\",\"publisher\":{\"@id\":\"https:\/\/marketera.com.hk\/#organization\"},\"potentialAction\":[{\"@type\":\"SearchAction\",\"target\":{\"@type\":\"EntryPoint\",\"urlTemplate\":\"https:\/\/marketera.com.hk\/?s={search_term_string}\"},\"query-input\":\"required name=search_term_string\"}],\"inLanguage\":\"it-IT\"},{\"@type\":\"Organization\",\"@id\":\"https:\/\/marketera.com.hk\/#organization\",\"name\":\"Marketera\",\"url\":\"https:\/\/marketera.com.hk\/\",\"logo\":{\"@type\":\"ImageObject\",\"inLanguage\":\"it-IT\",\"@id\":\"https:\/\/marketera.com.hk\/#\/schema\/logo\/image\/\",\"url\":\"https:\/\/marketera.com.hk\/wp-content\/uploads\/2023\/11\/Logo-marketera.svg\",\"contentUrl\":\"https:\/\/marketera.com.hk\/wp-content\/uploads\/2023\/11\/Logo-marketera.svg\",\"width\":110,\"height\":25,\"caption\":\"Marketera\"},\"image\":{\"@id\":\"https:\/\/marketera.com.hk\/#\/schema\/logo\/image\/\"}}]}<\/script>\n<!-- \/ Yoast SEO plugin. -->","yoast_head_json":{"title":"Privacy Policy - Marketera","robots":{"index":"index","follow":"follow","max-snippet":"max-snippet:-1","max-image-preview":"max-image-preview:large","max-video-preview":"max-video-preview:-1"},"canonical":"https:\/\/marketera.com.hk\/it\/privacy-policy\/","og_locale":"it_IT","og_type":"article","og_title":"Privacy Policy - Marketera","og_description":"Marketera (\u201cwe,\u201d \u201cour,\u201d or \u201cus\u201d) is obliged to maintain your privacy on the Internet. Our privacy policy is based on the General Data Protection Regulation (GDPR) of the European Union. The purposes for which we collect your personal data are the improvement of our service, communication with visitors to this site, user data processing for [&hellip;]","og_url":"https:\/\/marketera.com.hk\/it\/privacy-policy\/","og_site_name":"Marketera","article_modified_time":"2023-11-13T16:45:55+00:00","twitter_card":"summary_large_image","twitter_misc":{"Tempo di lettura stimato":"10 minuti"},"schema":{"@context":"https:\/\/schema.org","@graph":[{"@type":"WebPage","@id":"https:\/\/marketera.com.hk\/privacy-policy\/","url":"https:\/\/marketera.com.hk\/privacy-policy\/","name":"Privacy Policy - Marketera","isPartOf":{"@id":"https:\/\/marketera.com.hk\/#website"},"datePublished":"2023-11-09T15:38:41+00:00","dateModified":"2023-11-13T16:45:55+00:00","breadcrumb":{"@id":"https:\/\/marketera.com.hk\/privacy-policy\/#breadcrumb"},"inLanguage":"it-IT","potentialAction":[{"@type":"ReadAction","target":["https:\/\/marketera.com.hk\/privacy-policy\/"]}]},{"@type":"BreadcrumbList","@id":"https:\/\/marketera.com.hk\/privacy-policy\/#breadcrumb","itemListElement":[{"@type":"ListItem","position":1,"name":"Home","item":"https:\/\/marketera.com.hk\/"},{"@type":"ListItem","position":2,"name":"Privacy Policy"}]},{"@type":"WebSite","@id":"https:\/\/marketera.com.hk\/#website","url":"https:\/\/marketera.com.hk\/","name":"Marketera","description":"","publisher":{"@id":"https:\/\/marketera.com.hk\/#organization"},"potentialAction":[{"@type":"SearchAction","target":{"@type":"EntryPoint","urlTemplate":"https:\/\/marketera.com.hk\/?s={search_term_string}"},"query-input":"required name=search_term_string"}],"inLanguage":"it-IT"},{"@type":"Organization","@id":"https:\/\/marketera.com.hk\/#organization","name":"Marketera","url":"https:\/\/marketera.com.hk\/","logo":{"@type":"ImageObject","inLanguage":"it-IT","@id":"https:\/\/marketera.com.hk\/#\/schema\/logo\/image\/","url":"https:\/\/marketera.com.hk\/wp-content\/uploads\/2023\/11\/Logo-marketera.svg","contentUrl":"https:\/\/marketera.com.hk\/wp-content\/uploads\/2023\/11\/Logo-marketera.svg","width":110,"height":25,"caption":"Marketera"},"image":{"@id":"https:\/\/marketera.com.hk\/#\/schema\/logo\/image\/"}}]}},"_links":{"self":[{"href":"https:\/\/marketera.com.hk\/it\/wp-json\/wp\/v2\/pages\/3","targetHints":{"allow":["GET"]}}],"collection":[{"href":"https:\/\/marketera.com.hk\/it\/wp-json\/wp\/v2\/pages"}],"about":[{"href":"https:\/\/marketera.com.hk\/it\/wp-json\/wp\/v2\/types\/page"}],"author":[{"embeddable":true,"href":"https:\/\/marketera.com.hk\/it\/wp-json\/wp\/v2\/users\/1"}],"replies":[{"embeddable":true,"href":"https:\/\/marketera.com.hk\/it\/wp-json\/wp\/v2\/comments?post=3"}],"version-history":[{"count":1,"href":"https:\/\/marketera.com.hk\/it\/wp-json\/wp\/v2\/pages\/3\/revisions"}],"predecessor-version":[{"id":130,"href":"https:\/\/marketera.com.hk\/it\/wp-json\/wp\/v2\/pages\/3\/revisions\/130"}],"wp:attachment":[{"href":"https:\/\/marketera.com.hk\/it\/wp-json\/wp\/v2\/media?parent=3"}],"curies":[{"name":"wp","href":"https:\/\/api.w.org\/{rel}","templated":true}]}}